{"id":1411,"date":"2021-10-30T13:56:05","date_gmt":"2021-10-30T10:56:05","guid":{"rendered":"https:\/\/agirre.ee\/?post_type=product&#038;p=1411"},"modified":"2022-07-28T22:19:55","modified_gmt":"2022-07-28T19:19:55","slug":"agirregoikoa-catness-oolaps","status":"publish","type":"product","link":"https:\/\/agirre.ee\/en\/toode\/agirregoikoa-catness-oolaps\/","title":{"rendered":"AGIRREGOIKOA \u00d6\u00d6LAPS CATNESS &#8211; EST-03223\/19 &#8211; K\u00c4TS"},"content":{"rendered":"","protected":false},"excerpt":{"rendered":"<h2>AGIRREGOIKOA \u00d6\u00d6LAPS CATNESS &#8211; EST-03223\/19 &#8211; K\u00c4TS<\/h2>\n<h3>b: 08.04.2019<br \/>\ne: Arctic Storm<br \/>\ni: Always Wins Vigo For Erle<\/h3>\n<h4>Catness is a young female working-line siberian husky with a very beautiful exterior, dry build, quick and expressive appearance. If there is a need to find someone fast in front of the team, we choose him. By nature, K\u00e4tu is a very friendly slob, if you can say so. In pride rather delivers on his own. In the first half of the walk, he has disappeared somewhere, but in the second half, he approaches me every 100 meters with the face of a jam thief on his head and demands his petting. \ud83d\ude42 In team she works honestly and can run both in the leader&#8217;s position and in the back wheels. This season, something happend and K\u00e4tu turned into an ideal leader dog, she listens and reads commands immediately and correctly. And since K\u00e4tu runs in the team leading position in most training sessions and competitions. If the plans come true, we are planning one litter of puppies from him in the future.<\/h4>\n","protected":false},"featured_media":1412,"comment_status":"closed","ping_status":"closed","template":"","meta":[],"product_brand":[],"product_cat":[62],"product_tag":[],"class_list":{"0":"post-1411","1":"product","2":"type-product","3":"status-publish","4":"has-post-thumbnail","6":"product_cat-females","8":"first","9":"instock","10":"taxable","11":"shipping-taxable","12":"product-type-simple"},"_links":{"self":[{"href":"https:\/\/agirre.ee\/en\/wp-json\/wp\/v2\/product\/1411","targetHints":{"allow":["GET"]}}],"collection":[{"href":"https:\/\/agirre.ee\/en\/wp-json\/wp\/v2\/product"}],"about":[{"href":"https:\/\/agirre.ee\/en\/wp-json\/wp\/v2\/types\/product"}],"replies":[{"embeddable":true,"href":"https:\/\/agirre.ee\/en\/wp-json\/wp\/v2\/comments?post=1411"}],"wp:featuredmedia":[{"embeddable":true,"href":"https:\/\/agirre.ee\/en\/wp-json\/wp\/v2\/media\/1412"}],"wp:attachment":[{"href":"https:\/\/agirre.ee\/en\/wp-json\/wp\/v2\/media?parent=1411"}],"wp:term":[{"taxonomy":"product_brand","embeddable":true,"href":"https:\/\/agirre.ee\/en\/wp-json\/wp\/v2\/product_brand?post=1411"},{"taxonomy":"product_cat","embeddable":true,"href":"https:\/\/agirre.ee\/en\/wp-json\/wp\/v2\/product_cat?post=1411"},{"taxonomy":"product_tag","embeddable":true,"href":"https:\/\/agirre.ee\/en\/wp-json\/wp\/v2\/product_tag?post=1411"}],"curies":[{"name":"wp","href":"https:\/\/api.w.org\/{rel}","templated":true}]}}