{"id":1515,"date":"2022-07-15T01:37:36","date_gmt":"2022-07-14T22:37:36","guid":{"rendered":"https:\/\/agirre.ee\/?post_type=product&#038;p=1515"},"modified":"2022-07-19T21:55:05","modified_gmt":"2022-07-19T18:55:05","slug":"agirregoikoa-suveoo-unenagu","status":"publish","type":"product","link":"https:\/\/agirre.ee\/en\/toode\/agirregoikoa-suveoo-unenagu\/","title":{"rendered":"AGIRREGOIKOA SUVE\u00d6\u00d6 UNEN\u00c4GU"},"content":{"rendered":"","protected":false},"excerpt":{"rendered":"<h2>AGIRREGOIKOA SUVE\u00d6\u00d6 UNEN\u00c4GU &#8211; &#8220;HAMBUTU&#8221;<\/h2>\n<h3>b. 03.06.2020<br \/>\nv. Always Wins Vigo For Erle<br \/>\nm. Agirregoikoa DiiDii mv. Reebook`s Ocean<\/h3>\n<h4>When talking about a dog in a superlative, it can be Toothless.<br \/>\nToothless is named after the cartoon Taming of the Dragon,<br \/>\nwhere the viking boy Kokutis&#8217; dragon is named Toothless.<br \/>\nGood cartoon, I recommend watching it \ud83d\ude42<br \/>\nToothless is an oblong dog, he is the longest dog I have.<br \/>\nIt was understandable from a puppy age that he was born to be a leader.<br \/>\nHe is dignified, intelligent, honest, fair&#8230;etc.<br \/>\nHe is very strong and fast.<br \/>\nHe&#8217;s always my first choice in DS1.<br \/>\nI can guess what this dog is capable of in the following<br \/>\nseasons,if already in the first season it shows such<br \/>\nprogress that oh-oh-oh.<br \/>\nBut we&#8217;ll see \ud83d\ude42<\/h4>\n","protected":false},"featured_media":1516,"comment_status":"closed","ping_status":"closed","template":"","meta":[],"product_brand":[],"product_cat":[61,60],"product_tag":[],"class_list":{"0":"post-1515","1":"product","2":"type-product","3":"status-publish","4":"has-post-thumbnail","6":"product_cat-males","7":"product_cat-meie-koerad","9":"first","10":"instock","11":"taxable","12":"shipping-taxable","13":"product-type-simple"},"_links":{"self":[{"href":"https:\/\/agirre.ee\/en\/wp-json\/wp\/v2\/product\/1515","targetHints":{"allow":["GET"]}}],"collection":[{"href":"https:\/\/agirre.ee\/en\/wp-json\/wp\/v2\/product"}],"about":[{"href":"https:\/\/agirre.ee\/en\/wp-json\/wp\/v2\/types\/product"}],"replies":[{"embeddable":true,"href":"https:\/\/agirre.ee\/en\/wp-json\/wp\/v2\/comments?post=1515"}],"wp:featuredmedia":[{"embeddable":true,"href":"https:\/\/agirre.ee\/en\/wp-json\/wp\/v2\/media\/1516"}],"wp:attachment":[{"href":"https:\/\/agirre.ee\/en\/wp-json\/wp\/v2\/media?parent=1515"}],"wp:term":[{"taxonomy":"product_brand","embeddable":true,"href":"https:\/\/agirre.ee\/en\/wp-json\/wp\/v2\/product_brand?post=1515"},{"taxonomy":"product_cat","embeddable":true,"href":"https:\/\/agirre.ee\/en\/wp-json\/wp\/v2\/product_cat?post=1515"},{"taxonomy":"product_tag","embeddable":true,"href":"https:\/\/agirre.ee\/en\/wp-json\/wp\/v2\/product_tag?post=1515"}],"curies":[{"name":"wp","href":"https:\/\/api.w.org\/{rel}","templated":true}]}}